{"id":674,"date":"2016-01-26T10:33:56","date_gmt":"2016-01-26T10:33:56","guid":{"rendered":"http:\/\/themes.hody.co\/comet\/?page_id=674"},"modified":"2016-09-19T09:45:29","modified_gmt":"2016-09-19T09:45:29","slug":"models","status":"publish","type":"page","link":"https:\/\/feri.grizzlypromotion.hu\/","title":{"rendered":"Models"},"content":{"rendered":"<p>[vc_row el_id=&#8221;intro&#8221;][vc_column offset=&#8221;vc_col-md-offset-2 vc_col-md-8&#8243; el_class=&#8221;text-center&#8221;]<div class=\"title center\"><h2 class=\" serif\">Ferenc K\u00edgy\u00f3s oldala<span class=\"red-dot\"><\/span><\/h2><\/div>[vc_raw_html]JTNDdWwlMjBjbGFzcyUzRCUyMmxpc3QtaW5saW5lJTIwc2VyaWYlMjBsZWFkLXRleHQlMjBtdC0yNSUyMG1iLTI1JTIwZnctNTAwJTIyJTNFJTBBJTIwJTIwJTNDbGklM0VLaXNrJUMzJUFEZ3klQzMlQjNrJTNDc3BhbiUyMGNsYXNzJTNEJTIyZG90JTIyJTNFJTNDJTJGc3BhbiUzRSUwQSUyMCUyMCUzQyUyRmxpJTNFJTBBJTIwJTIwJTNDbGklM0VOYWd5ayVDMyVBRGd5JUMzJUIzayUzQ3NwYW4lMjBjbGFzcyUzRCUyMmRvdCUyMiUzRSUzQyUyRnNwYW4lM0UlMEElMjAlMjAlM0MlMkZsaSUzRSUwQSUyMCUyMCUzQ2xpJTNFWiVDMyVCNmxkayVDMyVBRGd5JUMzJUIzayUzQ3NwYW4lMjBjbGFzcyUzRCUyMmRvdCUyMiUzRSUzQyUyRnNwYW4lM0UlMEElMjAlMjAlM0MlMkZsaSUzRSUwQSUyMCUyMCUzQ2xpJTNFUyVDMyVBMXJnJUMzJUExayUzQ3NwYW4lMjBjbGFzcyUzRCUyMmRvdCUyMiUzRSUzQyUyRnNwYW4lM0UlMEElMjAlMjAlM0MlMkZsaSUzRSUwQSUzQyUyRnVsJTNF[\/vc_raw_html][vc_column_text font_style=&#8221;serif&#8221;]Itt lehetne \u00edrni valami bevezet\u0151t az oldalr\u00f3l a k\u00edgy\u00f3kr\u00f3l&#8230;<\/p>\n<p>Csak az\u00e9rt , ha valaki ide t\u00e9ved az is tudjon inf\u00f3t&#8230;<\/p>\n<p>persze semmi sem k\u00f6telez\u0151[\/vc_column_text]<div class=\"btn-container text-center\"><a href=\"#models\" class=\"btn btn-dark-out  \" >k\u00edgy\u00f3k<i class=\"ti-arrow-right\"><\/i><\/a><\/div>[\/vc_column][\/vc_row][vc_row split_row=&#8221;yes&#8221; split_row_bg_type=&#8221;image&#8221; split_row_bg=&#8221;1344&#8243; split_bg_position=&#8221;right&#8221; css=&#8221;.vc_custom_1456083896069{border-bottom-width: 0px !important;}&#8221; el_id=&#8221;about&#8221;][vc_column width=&#8221;7\/12&#8243; offset=&#8221;vc_col-md-5&#8243;]<div class=\"title\"><h4 class=\"upper serif\">megsz\u00fcletett ...<\/h4><h3 class=\" serif\">Fr\u00e9di<span class=\"red-dot\"><\/span><\/h3><hr class=\"black\"><\/div>[vc_column_text font_style=&#8221;serif&#8221;]Sokat v\u00e1rtunk r\u00e1, de megsz\u00fcletett. Ez egy kis t\u00fcnem\u00e9ny \u00e9s nagyon fal\u00e1nk, az elef\u00e1ntot is egyben nyeli le.[\/vc_column_text][\/vc_column][\/vc_row][vc_row split_row=&#8221;yes&#8221; split_row_bg_type=&#8221;image&#8221; split_row_bg=&#8221;1345&#8243; additional_content=&#8221;`{`cm_overlay`}&#8220;{`cm_play_button url=&#8220;https:\/\/player.vimeo.com\/video\/32448092?badge=0&amp;title=0&amp;byline=0&amp;title=0&amp;autoplay=1&#8220;`}&#8220;{`\/cm_overlay`}`&#8221;][vc_column width=&#8221;7\/12&#8243; offset=&#8221;vc_col-md-offset-7 vc_col-md-5 vc_col-sm-offset-4&#8243;]<div class=\"title\"><h4 class=\"upper serif\">Els\u0151 etet\u00e9s<\/h4><h3 class=\" serif\">etet\u00e9s<span class=\"red-dot\"><\/span><\/h3><hr class=\"black\"><\/div>[vc_column_text font_style=&#8221;serif&#8221;]N\u00e9zd meg milyen fal\u00e1nk a kis Fr\u00e9di[\/vc_column_text][\/vc_column][\/vc_row][vc_row el_id=&#8221;models&#8221;][vc_column]<div class=\"title center\"><h4 class=\"upper serif\">The Snake<\/h4><h3 class=\" serif\">K\u00edgy\u00f3k mint modellek<span class=\"red-dot\"><\/span><\/h3><hr class=\"black\"><\/div>[vc_row_inner css=&#8221;.vc_custom_1453817788581{padding-top: 25px !important;padding-bottom: 25px !important;}&#8221;][vc_column_inner]<ul class=\"photo-gallery\"><li ><div class=\"gallery-item\"><a href=\"https:\/\/feri.grizzlypromotion.hu\/wp-content\/uploads\/2016\/01\/18.jpg\"><img src=\"https:\/\/feri.grizzlypromotion.hu\/wp-content\/uploads\/2016\/01\/18.jpg\" alt=\"\"><\/a><\/div><div class=\"gallery-item\"><h4 class=\"serif\">Karmen<\/h4><\/div><\/li><li ><div class=\"gallery-item\"><a href=\"https:\/\/feri.grizzlypromotion.hu\/wp-content\/uploads\/2016\/01\/19.jpg\"><img src=\"https:\/\/feri.grizzlypromotion.hu\/wp-content\/uploads\/2016\/01\/19.jpg\" alt=\"\"><\/a><\/div><div class=\"gallery-item\"><h4 class=\"serif\">Barbara<\/h4><\/div><\/li><li ><div class=\"gallery-item\"><a href=\"https:\/\/feri.grizzlypromotion.hu\/wp-content\/uploads\/2016\/01\/20.jpg\"><img src=\"https:\/\/feri.grizzlypromotion.hu\/wp-content\/uploads\/2016\/01\/20.jpg\" alt=\"\"><\/a><\/div><div class=\"gallery-item\"><h4 class=\"serif\">Cara<\/h4><\/div><\/li><li ><div class=\"gallery-item\"><a href=\"https:\/\/feri.grizzlypromotion.hu\/wp-content\/uploads\/2016\/01\/21.jpg\"><img src=\"https:\/\/feri.grizzlypromotion.hu\/wp-content\/uploads\/2016\/01\/21.jpg\" alt=\"\"><\/a><\/div><div class=\"gallery-item\"><h4 class=\"serif\">Alexa<\/h4><\/div><\/li><li ><div class=\"gallery-item\"><a href=\"https:\/\/feri.grizzlypromotion.hu\/wp-content\/uploads\/2016\/01\/22.jpg\"><img src=\"https:\/\/feri.grizzlypromotion.hu\/wp-content\/uploads\/2016\/01\/22.jpg\" alt=\"\"><\/a><\/div><div class=\"gallery-item\"><h4 class=\"serif\">Serena<\/h4><\/div><\/li><li ><div class=\"gallery-item\"><a href=\"https:\/\/feri.grizzlypromotion.hu\/wp-content\/uploads\/2016\/01\/23.jpg\"><img src=\"https:\/\/feri.grizzlypromotion.hu\/wp-content\/uploads\/2016\/01\/23.jpg\" alt=\"\"><\/a><\/div><div class=\"gallery-item\"><h4 class=\"serif\">Silvia<\/h4><\/div><\/li><\/ul>[\/vc_column_inner][\/vc_row_inner][\/vc_column][\/vc_row][vc_row split_row=&#8221;yes&#8221; split_row_bg_type=&#8221;image&#8221; split_row_bg=&#8221;1346&#8243; el_id=&#8221;contact&#8221;][vc_column width=&#8221;7\/12&#8243; offset=&#8221;vc_col-md-offset-7 vc_col-md-5 vc_col-sm-offset-4&#8243;]<div class=\"title\"><h4 class=\"upper serif\">Have a question?<\/h4><h3 class=\" serif\">Contact Us<span class=\"red-dot\"><\/span><\/h3><hr class=\"black\"><\/div>[vc_row_inner css=&#8221;.vc_custom_1453818818490{padding-top: 25px !important;padding-bottom: 25px !important;}&#8221;][vc_column_inner][contact-form-7 404 \"Not Found\"][\/vc_column_inner][\/vc_row_inner][\/vc_column][\/vc_row][vc_row css=&#8221;.vc_custom_1453818887952{padding-top: 50px !important;padding-bottom: 50px !important;}&#8221;][vc_column]<ul class=\"social-list text-center style-2\"><li><a href=\"#\" target=\"_blank\"><i class=\"ti-facebook\"><\/i><\/a><\/li><li><a href=\"#\" target=\"_blank\"><i class=\"ti-twitter-alt\"><\/i><\/a><\/li><li><a href=\"#\" target=\"_blank\"><i class=\"ti-instagram\"><\/i><\/a><\/li><li><a href=\"#\" target=\"_blank\"><i class=\"ti-pinterest\"><\/i><\/a><\/li><\/ul>[\/vc_column][\/vc_row]<\/p>\n","protected":false},"excerpt":{"rendered":"<p>[vc_row el_id=&#8221;intro&#8221;][vc_column offset=&#8221;vc_col-md-offset-2 vc_col-md-8&#8243; el_class=&#8221;text-center&#8221;][vc_raw_html]JTNDdWwlMjBjbGFzcyUzRCUyMmxpc3QtaW5saW5lJTIwc2VyaWYlMjBsZWFkLXRleHQlMjBtdC0yNSUyMG1iLTI1JTIwZnctNTAwJTIyJTNFJTBBJTIwJTIwJTNDbGklM0VLaXNrJUMzJUFEZ3klQzMlQjNrJTNDc3BhbiUyMGNsYXNzJTNEJTIyZG90JTIyJTNFJTNDJTJGc3BhbiUzRSUwQSUyMCUyMCUzQyUyRmxpJTNFJTBBJTIwJTIwJTNDbGklM0VOYWd5ayVDMyVBRGd5JUMzJUIzayUzQ3NwYW4lMjBjbGFzcyUzRCUyMmRvdCUyMiUzRSUzQyUyRnNwYW4lM0UlMEElMjAlMjAlM0MlMkZsaSUzRSUwQSUyMCUyMCUzQ2xpJTNFWiVDMyVCNmxkayVDMyVBRGd5JUMzJUIzayUzQ3NwYW4lMjBjbGFzcyUzRCUyMmRvdCUyMiUzRSUzQyUyRnNwYW4lM0UlMEElMjAlMjAlM0MlMkZsaSUzRSUwQSUyMCUyMCUzQ2xpJTNFUyVDMyVBMXJnJUMzJUExayUzQ3NwYW4lMjBjbGFzcyUzRCUyMmRvdCUyMiUzRSUzQyUyRnNwYW4lM0UlMEElMjAlMjAlM0MlMkZsaSUzRSUwQSUzQyUyRnVsJTNF[\/vc_raw_html][vc_column_text font_style=&#8221;serif&#8221;]Itt lehetne \u00edrni valami bevezet\u0151t az oldalr\u00f3l a k\u00edgy\u00f3kr\u00f3l&#8230; Csak az\u00e9rt , ha valaki ide t\u00e9ved az is tudjon inf\u00f3t&#8230; persze semmi sem k\u00f6telez\u0151[\/vc_column_text][\/vc_column][\/vc_row][vc_row split_row=&#8221;yes&#8221; split_row_bg_type=&#8221;image&#8221; split_row_bg=&#8221;1344&#8243; split_bg_position=&#8221;right&#8221; css=&#8221;.vc_custom_1456083896069{border-bottom-width: 0px !important;}&#8221; el_id=&#8221;about&#8221;][vc_column width=&#8221;7\/12&#8243; offset=&#8221;vc_col-md-5&#8243;][vc_column_text font_style=&#8221;serif&#8221;]Sokat v\u00e1rtunk r\u00e1, de megsz\u00fcletett. Ez egy kis t\u00fcnem\u00e9ny \u00e9s nagyon fal\u00e1nk, az elef\u00e1ntot is egyben[&#8230;] <\/p>\n<p class=\"mt-15\"><a class=\"btn btn-color btn-sm\" href=\"https:\/\/feri.grizzlypromotion.hu\/\">Read More<\/a><\/p>\n","protected":false},"author":1,"featured_media":0,"parent":1525,"menu_order":0,"comment_status":"closed","ping_status":"closed","template":"","meta":[],"_links":{"self":[{"href":"https:\/\/feri.grizzlypromotion.hu\/index.php?rest_route=\/wp\/v2\/pages\/674"}],"collection":[{"href":"https:\/\/feri.grizzlypromotion.hu\/index.php?rest_route=\/wp\/v2\/pages"}],"about":[{"href":"https:\/\/feri.grizzlypromotion.hu\/index.php?rest_route=\/wp\/v2\/types\/page"}],"author":[{"embeddable":true,"href":"https:\/\/feri.grizzlypromotion.hu\/index.php?rest_route=\/wp\/v2\/users\/1"}],"replies":[{"embeddable":true,"href":"https:\/\/feri.grizzlypromotion.hu\/index.php?rest_route=%2Fwp%2Fv2%2Fcomments&post=674"}],"version-history":[{"count":8,"href":"https:\/\/feri.grizzlypromotion.hu\/index.php?rest_route=\/wp\/v2\/pages\/674\/revisions"}],"predecessor-version":[{"id":1651,"href":"https:\/\/feri.grizzlypromotion.hu\/index.php?rest_route=\/wp\/v2\/pages\/674\/revisions\/1651"}],"up":[{"embeddable":true,"href":"https:\/\/feri.grizzlypromotion.hu\/index.php?rest_route=\/wp\/v2\/pages\/1525"}],"wp:attachment":[{"href":"https:\/\/feri.grizzlypromotion.hu\/index.php?rest_route=%2Fwp%2Fv2%2Fmedia&parent=674"}],"curies":[{"name":"wp","href":"https:\/\/api.w.org\/{rel}","templated":true}]}}